{"id":370,"date":"2022-10-13T08:04:04","date_gmt":"2022-10-13T08:04:04","guid":{"rendered":"https:\/\/es.oceanvrent.com\/index.php\/home\/"},"modified":"2024-09-29T16:14:28","modified_gmt":"2024-09-29T14:14:28","slug":"home","status":"publish","type":"page","link":"https:\/\/es.oceanvrent.com\/","title":{"rendered":"Home"},"content":{"rendered":"\n<div class=\"wp-block-uagb-container uagb-block-0555ac98 alignfull uagb-is-root-container\">\n<div class=\"wp-block-uagb-info-box uagb-block-1fb4efa8 uagb-infobox__content-wrap  uagb-infobox-icon-above-title uagb-infobox-image-valign-top\"><div class=\"uagb-ifb-content\"><div class=\"uagb-ifb-title-wrap\"><span class=\"uagb-ifb-title-prefix\">Propiedades mas destacadas<\/span><h2 class=\"uagb-ifb-title\">\u00a1Encuentra el alojamiento perfecto para tus vacaciones!<\/h2><\/div><div class=\"uagb-ifb-separator\"><\/div><\/div><\/div>\n\n\n\n<div class=\"wp-block-uagb-container uagb-block-15af09a0 alignfull uagb-is-root-container\">\n<div class=\"wp-block-uagb-container uagb-block-f91ed2be\">\n<div class=\"wp-block-uagb-image uagb-block-08a3f709 wp-block-uagb-image--layout-default wp-block-uagb-image--effect-static wp-block-uagb-image--align-none\"><figure class=\"wp-block-uagb-image__figure\"><img decoding=\"async\" srcset=\"https:\/\/es.oceanvrent.com\/wp-content\/uploads\/2024\/09\/IMG_1962-1024x768.jpg ,https:\/\/es.oceanvrent.com\/wp-content\/uploads\/2024\/09\/IMG_1962-scaled.jpg 780w, https:\/\/es.oceanvrent.com\/wp-content\/uploads\/2024\/09\/IMG_1962-scaled.jpg 360w\" sizes=\"(max-width: 480px) 150px\" src=\"https:\/\/es.oceanvrent.com\/wp-content\/uploads\/2024\/09\/IMG_1962-1024x768.jpg\" alt=\"\" class=\"uag-image-978\" width=\"1024\" height=\"768\" title=\"IMG_1962\" loading=\"lazy\" role=\"img\"\/><\/figure><\/div>\n\n\n\n<div class=\"wp-block-uagb-advanced-heading uagb-block-680a0e9c\"><h6 class=\"uagb-heading-text\">Para alquilar<\/h6><\/div>\n\n\n\n<div class=\"wp-block-uagb-icon-list uagb-block-401b2398\"><div class=\"uagb-icon-list__wrap\">\n<div class=\"wp-block-uagb-icon-list-child uagb-block-e2c86c6d\"><span class=\"uagb-icon-list__source-wrap\"><svg xmlns=\"https:\/\/www.w3.org\/2000\/svg\" viewBox=\"0 0 576 512\"><path d=\"M511.8 287.6L512.5 447.7C512.5 450.5 512.3 453.1 512 455.8V472C512 494.1 494.1 512 472 512H456C454.9 512 453.8 511.1 452.7 511.9C451.3 511.1 449.9 512 448.5 512H392C369.9 512 352 494.1 352 472V384C352 366.3 337.7 352 320 352H256C238.3 352 224 366.3 224 384V472C224 494.1 206.1 512 184 512H128.1C126.6 512 125.1 511.9 123.6 511.8C122.4 511.9 121.2 512 120 512H104C81.91 512 64 494.1 64 472V360C64 359.1 64.03 358.1 64.09 357.2V287.6H32.05C14.02 287.6 0 273.5 0 255.5C0 246.5 3.004 238.5 10.01 231.5L266.4 8.016C273.4 1.002 281.4 0 288.4 0C295.4 0 303.4 2.004 309.5 7.014L416 100.7V64C416 46.33 430.3 32 448 32H480C497.7 32 512 46.33 512 64V185L564.8 231.5C572.8 238.5 576.9 246.5 575.8 255.5C575.8 273.5 560.8 287.6 543.8 287.6L511.8 287.6z\"><\/path><\/svg><\/span><span class=\"uagb-icon-list__label\">Apartamento vacacional<\/span><\/div>\n<\/div><\/div>\n\n\n\n<div class=\"wp-block-uagb-advanced-heading uagb-block-718eba86\"><h3 class=\"uagb-heading-text\">Sunset Ocean<\/h3><\/div>\n\n\n\n<div class=\"wp-block-uagb-advanced-heading uagb-block-476787a4\"><p class=\"uagb-heading-text\">1 habitaci\u00f3n \/ 1 ba\u00f1o<\/p><\/div>\n\n\n\n<div class=\"wp-block-uagb-buttons uagb-buttons__outer-wrap uagb-btn__default-btn uagb-btn-tablet__default-btn uagb-btn-mobile__default-btn uagb-block-9e239e6a\"><div class=\"uagb-buttons__wrap uagb-buttons-layout-wrap \">\n<div class=\"wp-block-uagb-buttons-child uagb-buttons__outer-wrap uagb-block-82c3d001 wp-block-button is-style-outline\"><div class=\"uagb-button__wrapper\"><a class=\"uagb-buttons-repeater wp-block-button__link\" aria-label=\"\" href=\"https:\/\/es.oceanvrent.com\/index.php\/sunset-ocean\/\" rel=\"follow noopener\" target=\"_self\" role=\"button\"><div class=\"uagb-button__link\">Detalles<\/div><\/a><\/div><\/div>\n<\/div><\/div>\n<\/div>\n\n\n\n<div class=\"wp-block-uagb-container uagb-block-a651ae8c\">\n<div class=\"wp-block-uagb-image uagb-block-06a2ca60 wp-block-uagb-image--layout-default wp-block-uagb-image--effect-static wp-block-uagb-image--align-none\"><figure class=\"wp-block-uagb-image__figure\"><img decoding=\"async\" srcset=\"https:\/\/es.oceanvrent.com\/wp-content\/uploads\/2024\/09\/IMG_1858-1024x768.jpg ,https:\/\/es.oceanvrent.com\/wp-content\/uploads\/2024\/09\/IMG_1858-scaled.jpg 780w, https:\/\/es.oceanvrent.com\/wp-content\/uploads\/2024\/09\/IMG_1858-scaled.jpg 360w\" sizes=\"(max-width: 480px) 150px\" src=\"https:\/\/es.oceanvrent.com\/wp-content\/uploads\/2024\/09\/IMG_1858-1024x768.jpg\" alt=\"\" class=\"uag-image-1000\" width=\"1024\" height=\"768\" title=\"IMG_1858\" loading=\"lazy\" role=\"img\"\/><\/figure><\/div>\n\n\n\n<div class=\"wp-block-uagb-advanced-heading uagb-block-a97806f7\"><h6 class=\"uagb-heading-text\">Para alquilar<\/h6><\/div>\n\n\n\n<div class=\"wp-block-uagb-icon-list uagb-block-716d71dd\"><div class=\"uagb-icon-list__wrap\">\n<div class=\"wp-block-uagb-icon-list-child uagb-block-c07e8279\"><span class=\"uagb-icon-list__source-wrap\"><svg xmlns=\"https:\/\/www.w3.org\/2000\/svg\" viewBox=\"0 0 576 512\"><path d=\"M511.8 287.6L512.5 447.7C512.5 450.5 512.3 453.1 512 455.8V472C512 494.1 494.1 512 472 512H456C454.9 512 453.8 511.1 452.7 511.9C451.3 511.1 449.9 512 448.5 512H392C369.9 512 352 494.1 352 472V384C352 366.3 337.7 352 320 352H256C238.3 352 224 366.3 224 384V472C224 494.1 206.1 512 184 512H128.1C126.6 512 125.1 511.9 123.6 511.8C122.4 511.9 121.2 512 120 512H104C81.91 512 64 494.1 64 472V360C64 359.1 64.03 358.1 64.09 357.2V287.6H32.05C14.02 287.6 0 273.5 0 255.5C0 246.5 3.004 238.5 10.01 231.5L266.4 8.016C273.4 1.002 281.4 0 288.4 0C295.4 0 303.4 2.004 309.5 7.014L416 100.7V64C416 46.33 430.3 32 448 32H480C497.7 32 512 46.33 512 64V185L564.8 231.5C572.8 238.5 576.9 246.5 575.8 255.5C575.8 273.5 560.8 287.6 543.8 287.6L511.8 287.6z\"><\/path><\/svg><\/span><span class=\"uagb-icon-list__label\">Apartamento vacacional<\/span><\/div>\n<\/div><\/div>\n\n\n\n<div class=\"wp-block-uagb-advanced-heading uagb-block-6c02b8c0\"><h3 class=\"uagb-heading-text\">Ocean View Suite<\/h3><\/div>\n\n\n\n<div class=\"wp-block-uagb-advanced-heading uagb-block-6f5a9eae\"><p class=\"uagb-heading-text\">2 habitaciones \/ 2 ba\u00f1os<\/p><\/div>\n\n\n\n<div class=\"wp-block-uagb-buttons uagb-buttons__outer-wrap uagb-btn__default-btn uagb-btn-tablet__default-btn uagb-btn-mobile__default-btn uagb-block-12c49844\"><div class=\"uagb-buttons__wrap uagb-buttons-layout-wrap \">\n<div class=\"wp-block-uagb-buttons-child uagb-buttons__outer-wrap uagb-block-fefbdc3b wp-block-button is-style-outline\"><div class=\"uagb-button__wrapper\"><a class=\"uagb-buttons-repeater wp-block-button__link\" aria-label=\"\" href=\"https:\/\/es.oceanvrent.com\/index.php\/ocean-view-suite\/\" rel=\"follow noopener\" target=\"_self\" role=\"button\"><div class=\"uagb-button__link\">Detalles<\/div><\/a><\/div><\/div>\n<\/div><\/div>\n<\/div>\n\n\n\n<div class=\"wp-block-uagb-container uagb-block-dea2dbfb\">\n<div class=\"wp-block-uagb-image uagb-block-7fa64120 wp-block-uagb-image--layout-default wp-block-uagb-image--effect-static wp-block-uagb-image--align-none\"><figure class=\"wp-block-uagb-image__figure\"><img decoding=\"async\" srcset=\"https:\/\/es.oceanvrent.com\/wp-content\/uploads\/2024\/02\/IMG_4941.jpg ,http:\/\/es.oceanvrent.com\/wp-content\/uploads\/2024\/02\/IMG_4941.jpg 780w, http:\/\/es.oceanvrent.com\/wp-content\/uploads\/2024\/02\/IMG_4941.jpg 360w\" sizes=\"(max-width: 480px) 150px\" src=\"https:\/\/es.oceanvrent.com\/wp-content\/uploads\/2024\/02\/IMG_4941.jpg\" alt=\"\" class=\"uag-image-572\" width=\"1288\" height=\"966\" title=\"\" loading=\"lazy\" role=\"img\"\/><\/figure><\/div>\n\n\n\n<div class=\"wp-block-uagb-advanced-heading uagb-block-8a1ccaa4\"><h6 class=\"uagb-heading-text\">Para alquilar<\/h6><\/div>\n\n\n\n<div class=\"wp-block-uagb-icon-list uagb-block-88cd1067\"><div class=\"uagb-icon-list__wrap\">\n<div class=\"wp-block-uagb-icon-list-child uagb-block-5bcfcdc3\"><span class=\"uagb-icon-list__source-wrap\"><svg xmlns=\"https:\/\/www.w3.org\/2000\/svg\" viewBox=\"0 0 512 512\"><path d=\"M480 0C497.7 0 512 14.33 512 32C512 49.67 497.7 64 480 64V448C497.7 448 512 462.3 512 480C512 497.7 497.7 512 480 512H304V448H208V512H32C14.33 512 0 497.7 0 480C0 462.3 14.33 448 32 448V64C14.33 64 0 49.67 0 32C0 14.33 14.33 0 32 0H480zM112 96C103.2 96 96 103.2 96 112V144C96 152.8 103.2 160 112 160H144C152.8 160 160 152.8 160 144V112C160 103.2 152.8 96 144 96H112zM224 144C224 152.8 231.2 160 240 160H272C280.8 160 288 152.8 288 144V112C288 103.2 280.8 96 272 96H240C231.2 96 224 103.2 224 112V144zM368 96C359.2 96 352 103.2 352 112V144C352 152.8 359.2 160 368 160H400C408.8 160 416 152.8 416 144V112C416 103.2 408.8 96 400 96H368zM96 240C96 248.8 103.2 256 112 256H144C152.8 256 160 248.8 160 240V208C160 199.2 152.8 192 144 192H112C103.2 192 96 199.2 96 208V240zM240 192C231.2 192 224 199.2 224 208V240C224 248.8 231.2 256 240 256H272C280.8 256 288 248.8 288 240V208C288 199.2 280.8 192 272 192H240zM352 240C352 248.8 359.2 256 368 256H400C408.8 256 416 248.8 416 240V208C416 199.2 408.8 192 400 192H368C359.2 192 352 199.2 352 208V240zM256 288C211.2 288 173.5 318.7 162.1 360.2C159.7 373.1 170.7 384 184 384H328C341.3 384 352.3 373.1 349 360.2C338.5 318.7 300.8 288 256 288z\"><\/path><\/svg><\/span><span class=\"uagb-icon-list__label\">Apartamento vacacional<\/span><\/div>\n<\/div><\/div>\n\n\n\n<div class=\"wp-block-uagb-advanced-heading uagb-block-08e5e1e3\"><h3 class=\"uagb-heading-text\">Ocean View Suite Beach Point<\/h3><\/div>\n\n\n\n<div class=\"wp-block-uagb-advanced-heading uagb-block-667db83e\"><p class=\"uagb-heading-text\">2 habitaciones \/ 2 ba\u00f1os<\/p><\/div>\n\n\n\n<div class=\"wp-block-uagb-buttons uagb-buttons__outer-wrap uagb-btn__default-btn uagb-btn-tablet__default-btn uagb-btn-mobile__default-btn uagb-block-d8341001\"><div class=\"uagb-buttons__wrap uagb-buttons-layout-wrap \">\n<div class=\"wp-block-uagb-buttons-child uagb-buttons__outer-wrap uagb-block-6dad64ac wp-block-button is-style-outline\"><div class=\"uagb-button__wrapper\"><a class=\"uagb-buttons-repeater wp-block-button__link\" aria-label=\"\" href=\"https:\/\/es.oceanvrent.com\/index.php\/ocean-view-suite-beach-point\/\" rel=\"follow noopener\" target=\"_self\" role=\"button\"><div class=\"uagb-button__link\">Detalles<\/div><\/a><\/div><\/div>\n<\/div><\/div>\n<\/div>\n<\/div>\n<\/div>\n\n\n\n<div class=\"wp-block-uagb-container uagb-block-dd2de6c0 alignfull uagb-is-root-container\"><div class=\"uagb-container-inner-blocks-wrap\">\n<div class=\"wp-block-uagb-container uagb-block-e34b0909 alignfull uagb-is-root-container\"><div class=\"uagb-container-inner-blocks-wrap\">\n<div class=\"wp-block-uagb-container uagb-block-6d40d690\">\n<div class=\"wp-block-uagb-info-box uagb-block-9b7bd06e uagb-infobox__content-wrap  uagb-infobox-icon-above-title uagb-infobox-image-valign-top\"><div class=\"uagb-ifb-content\"><div class=\"uagb-ifb-title-wrap\"><span class=\"uagb-ifb-title-prefix\">\u00bfQuienes somos?<\/span><h2 class=\"uagb-ifb-title\">Sobre nosotros<\/h2><\/div><div class=\"uagb-ifb-separator\"><\/div><p class=\"uagb-ifb-desc\">Somos una empresa alemana especializada en el alquiler de alojamiento vacacional en el sur de Gran Canaria.<br>Hablamos: Espa\u00f1ol, Alem\u00e1n, Ingl\u00e9s<\/p><\/div><\/div>\n\n\n\n<div class=\"wp-block-uagb-advanced-heading uagb-block-4d8c3280\"><p class=\"uagb-heading-text\">Hay atenci\u00f3n al cliente completa desde el d\u00eda de la reserva hasta el d\u00eda de la salida. Sean preguntas, solicitudes de traslado, llegadas anticipadas o salidas tard\u00edas, ninguna pregunta o solicitud queda sin respuesta. Disponemos de un n\u00famero de tel\u00e9fono m\u00f3vil disponible las 24 horas que estar\u00e1 disponible para usted durante su estad\u00eda y, si desea un contacto m\u00e1s personal, esperamos conocerle.<\/p><\/div>\n\n\n\n<p class=\"has-white-color has-text-color has-link-color wp-elements-c645e628e62f8fbab9d9726851472d16\"><\/p>\n\n\n\n<p class=\"has-pale-cyan-blue-color has-text-color has-link-color wp-elements-0e7d0080d31600da703b082e16f93ccd\"><strong><em>\u00bfEs usted propietario de un bonito apartamento vacacional y le gustar\u00eda que nos encarg\u00e1ramos del alquiler y atendi\u00e9ramos a sus huspedes? No dude en contactarnos.<\/em><\/strong><\/p>\n<\/div>\n\n\n\n<div class=\"wp-block-uagb-container uagb-block-868bceb2\">\n<div class=\"wp-block-uagb-image uagb-block-1dbd58b5 wp-block-uagb-image--layout-default wp-block-uagb-image--effect-zoomin wp-block-uagb-image--align-none\"><figure class=\"wp-block-uagb-image__figure\"><img decoding=\"async\" srcset=\"https:\/\/es.oceanvrent.com\/wp-content\/uploads\/2023\/12\/Pool-3.jpg ,https:\/\/es.oceanvrent.com\/wp-content\/uploads\/2023\/12\/Pool-3.jpg 780w, https:\/\/es.oceanvrent.com\/wp-content\/uploads\/2023\/12\/Pool-3.jpg 360w\" sizes=\"(max-width: 480px) 150px\" src=\"https:\/\/es.oceanvrent.com\/wp-content\/uploads\/2023\/12\/Pool-3.jpg\" alt=\"\" class=\"uag-image-433\" width=\"600\" height=\"535\" title=\"\" loading=\"lazy\" role=\"img\"\/><\/figure><\/div>\n<\/div>\n<\/div><\/div>\n<\/div><\/div>\n\n\n\n<div class=\"wp-block-uagb-container uagb-block-2233cea6 alignfull uagb-is-root-container\"><div class=\"uagb-container-inner-blocks-wrap\">\n<div class=\"wp-block-uagb-icon-list uagb-block-4f4ffc1f\"><div class=\"uagb-icon-list__wrap\">\n<div class=\"wp-block-uagb-icon-list-child uagb-block-4e84dbde\"><span class=\"uagb-icon-list__label\"><strong>Contact@oceanvrent.com<\/strong><\/span><\/div>\n<\/div><\/div>\n\n\n\n<div class=\"wp-block-uagb-buttons uagb-buttons__outer-wrap uagb-btn__default-btn uagb-btn-tablet__default-btn uagb-btn-mobile__default-btn uagb-block-60a1c0ac\"><div class=\"uagb-buttons__wrap uagb-buttons-layout-wrap \">\n<div class=\"wp-block-uagb-buttons-child uagb-buttons__outer-wrap uagb-block-e8b2cacb wp-block-button\"><div class=\"uagb-button__wrapper\"><a class=\"uagb-buttons-repeater wp-block-button__link\" aria-label=\"\" href=\"https:\/\/es.oceanvrent.com\/index.php\/contacto\/\" rel=\"follow noopener\" target=\"_self\" role=\"button\"><div class=\"uagb-button__link\">Contactar<\/div><\/a><\/div><\/div>\n<\/div><\/div>\n<\/div><\/div>\n","protected":false},"excerpt":{"rendered":"<p>Para alquilar Sunset Ocean 1 habitaci\u00f3n \/ 1 ba\u00f1o Para alquilar Ocean View Suite 2 habitaciones \/ 2 ba\u00f1os Para alquilar Ocean View Suite Beach Point 2 habitaciones \/ 2 ba\u00f1os Hay atenci\u00f3n al cliente completa desde el d\u00eda de la reserva hasta el d\u00eda de la salida. Sean preguntas, solicitudes de traslado, llegadas anticipadas [&hellip;]<\/p>\n","protected":false},"author":1,"featured_media":0,"parent":0,"menu_order":0,"comment_status":"closed","ping_status":"closed","template":"","meta":{"_uag_custom_page_level_css":"","site-sidebar-layout":"default","site-content-layout":"plain-container","ast-site-content-layout":"normal-width-container","site-content-style":"unboxed","site-sidebar-style":"unboxed","ast-global-header-display":"","ast-banner-title-visibility":"","ast-main-header-display":"","ast-hfb-above-header-display":"","ast-hfb-below-header-display":"","ast-hfb-mobile-header-display":"","site-post-title":"disabled","ast-breadcrumbs-content":"","ast-featured-img":"","footer-sml-layout":"","ast-disable-related-posts":"","theme-transparent-header-meta":"enabled","adv-header-id-meta":"","stick-header-meta":"","header-above-stick-meta":"","header-main-stick-meta":"","header-below-stick-meta":"","astra-migrate-meta-layouts":"set","ast-page-background-enabled":"default","ast-page-background-meta":{"desktop":{"background-color":"var(--ast-global-color-4)","background-image":"","background-repeat":"repeat","background-position":"center center","background-size":"auto","background-attachment":"scroll","background-type":"","background-media":"","overlay-type":"","overlay-color":"","overlay-opacity":"","overlay-gradient":""},"tablet":{"background-color":"","background-image":"","background-repeat":"repeat","background-position":"center center","background-size":"auto","background-attachment":"scroll","background-type":"","background-media":"","overlay-type":"","overlay-color":"","overlay-opacity":"","overlay-gradient":""},"mobile":{"background-color":"","background-image":"","background-repeat":"repeat","background-position":"center center","background-size":"auto","background-attachment":"scroll","background-type":"","background-media":"","overlay-type":"","overlay-color":"","overlay-opacity":"","overlay-gradient":""}},"ast-content-background-meta":{"desktop":{"background-color":"var(--ast-global-color-5)","background-image":"","background-repeat":"repeat","background-position":"center center","background-size":"auto","background-attachment":"scroll","background-type":"","background-media":"","overlay-type":"","overlay-color":"","overlay-opacity":"","overlay-gradient":""},"tablet":{"background-color":"var(--ast-global-color-5)","background-image":"","background-repeat":"repeat","background-position":"center center","background-size":"auto","background-attachment":"scroll","background-type":"","background-media":"","overlay-type":"","overlay-color":"","overlay-opacity":"","overlay-gradient":""},"mobile":{"background-color":"var(--ast-global-color-5)","background-image":"","background-repeat":"repeat","background-position":"center center","background-size":"auto","background-attachment":"scroll","background-type":"","background-media":"","overlay-type":"","overlay-color":"","overlay-opacity":"","overlay-gradient":""}},"footnotes":""},"class_list":["post-370","page","type-page","status-publish","hentry"],"uagb_featured_image_src":{"full":false,"thumbnail":false,"medium":false,"medium_large":false,"large":false,"1536x1536":false,"2048x2048":false},"uagb_author_info":{"display_name":"es.oceanvrent.com","author_link":"https:\/\/es.oceanvrent.com\/index.php\/author\/oceanvrent-com\/"},"uagb_comment_info":0,"uagb_excerpt":"Para alquilar Sunset Ocean 1 habitaci\u00f3n \/ 1 ba\u00f1o Para alquilar Ocean View Suite 2 habitaciones \/ 2 ba\u00f1os Para alquilar Ocean View Suite Beach Point 2 habitaciones \/ 2 ba\u00f1os Hay atenci\u00f3n al cliente completa desde el d\u00eda de la reserva hasta el d\u00eda de la salida. Sean preguntas, solicitudes de traslado, llegadas anticipadas&hellip;","_links":{"self":[{"href":"https:\/\/es.oceanvrent.com\/index.php\/wp-json\/wp\/v2\/pages\/370"}],"collection":[{"href":"https:\/\/es.oceanvrent.com\/index.php\/wp-json\/wp\/v2\/pages"}],"about":[{"href":"https:\/\/es.oceanvrent.com\/index.php\/wp-json\/wp\/v2\/types\/page"}],"author":[{"embeddable":true,"href":"https:\/\/es.oceanvrent.com\/index.php\/wp-json\/wp\/v2\/users\/1"}],"replies":[{"embeddable":true,"href":"https:\/\/es.oceanvrent.com\/index.php\/wp-json\/wp\/v2\/comments?post=370"}],"version-history":[{"count":48,"href":"https:\/\/es.oceanvrent.com\/index.php\/wp-json\/wp\/v2\/pages\/370\/revisions"}],"predecessor-version":[{"id":1030,"href":"https:\/\/es.oceanvrent.com\/index.php\/wp-json\/wp\/v2\/pages\/370\/revisions\/1030"}],"wp:attachment":[{"href":"https:\/\/es.oceanvrent.com\/index.php\/wp-json\/wp\/v2\/media?parent=370"}],"curies":[{"name":"wp","href":"https:\/\/api.w.org\/{rel}","templated":true}]}}